{"id":56,"date":"2025-08-13T13:52:24","date_gmt":"2025-08-13T13:52:24","guid":{"rendered":"http:\/\/santoaleixovilaverde.pt\/?page_id=56"},"modified":"2025-08-20T17:11:08","modified_gmt":"2025-08-20T17:11:08","slug":"documentacao","status":"publish","type":"page","link":"https:\/\/santoaleixovilaverde.pt\/?page_id=56","title":{"rendered":"Documenta\u00e7\u00e3o"},"content":{"rendered":"\n<p><strong>2024<\/strong><\/p>\n\n\n\n<p>      <a href=\"http:\/\/santoaleixovilaverde.pt\/wp-content\/uploads\/2025\/08\/2024.pdf\" target=\"_blank\" rel=\"noreferrer noopener\">Publica\u00e7\u00e3o das contas<\/a><\/p>\n\n\n\n<p><a href=\"http:\/\/santoaleixovilaverde.pt\/wp-content\/uploads\/2025\/08\/Ata-Conselho-Fiscal-Contas-2025.pdf\" data-type=\"link\" data-id=\"http:\/\/santoaleixovilaverde.pt\/wp-content\/uploads\/2025\/08\/Ata-Conselho-Fiscal-Contas-2025.pdf\" target=\"_blank\" rel=\"noreferrer noopener\">Acta Conselho Fiscal<\/a><\/p>\n\n\n\n<p><a href=\"http:\/\/santoaleixovilaverde.pt\/wp-content\/uploads\/2025\/08\/Ata-Conselho-Fiscal-Contas-2025.pdf\" data-type=\"link\" data-id=\"http:\/\/santoaleixovilaverde.pt\/wp-content\/uploads\/2025\/08\/Ata-Conselho-Fiscal-Contas-2025.pdf\" target=\"_blank\" rel=\"noreferrer noopener\">Acta aprova\u00e7\u00e3o das contas<\/a><\/p>\n\n\n\n<p><strong>2023<\/strong><\/p>\n\n\n\n<p><a href=\"http:\/\/santoaleixovilaverde.pt\/wp-content\/uploads\/2025\/08\/85-ABDR-Balanco.DMRes-ANO23-e-Anexos-as-.pdf\" data-type=\"link\" data-id=\"http:\/\/santoaleixovilaverde.pt\/wp-content\/uploads\/2025\/08\/85-ABDR-Balanco.DMRes-ANO23-e-Anexos-as-.pdf\" target=\"_blank\" rel=\"noreferrer noopener\">Publica\u00e7\u00e3o das contas<\/a><\/p>\n\n\n\n<p><a href=\"http:\/\/santoaleixovilaverde.pt\/wp-content\/uploads\/2025\/08\/85-Acta-ConsFiscal.AprvcContas23-as-.pdf\" data-type=\"link\" data-id=\"http:\/\/santoaleixovilaverde.pt\/wp-content\/uploads\/2025\/08\/85-Acta-ConsFiscal.AprvcContas23-as-.pdf\" target=\"_blank\" rel=\"noreferrer noopener\">Acta Conselho Fiscal<\/a><\/p>\n\n\n\n<p><a href=\"http:\/\/santoaleixovilaverde.pt\/wp-content\/uploads\/2025\/08\/85-Acta-Direccao-AprvcContas-ano23-ass-.pdf\" data-type=\"link\" data-id=\"http:\/\/santoaleixovilaverde.pt\/wp-content\/uploads\/2025\/08\/85-Acta-Direccao-AprvcContas-ano23-ass-.pdf\" target=\"_blank\" rel=\"noreferrer noopener\">Acta aprova\u00e7\u00e3o das contas<\/a><\/p>\n\n\n\n<p><strong>2022<\/strong><\/p>\n\n\n\n<p><a href=\"http:\/\/santoaleixovilaverde.pt\/wp-content\/uploads\/2025\/08\/85-ABDR-ano22-balanco-e-Contas-cas.pdf\" data-type=\"link\" data-id=\"http:\/\/santoaleixovilaverde.pt\/wp-content\/uploads\/2025\/08\/85-ABDR-ano22-balanco-e-Contas-cas.pdf\" target=\"_blank\" rel=\"noreferrer noopener\">Publica\u00e7\u00e3o das contas<\/a><\/p>\n\n\n\n<p><a href=\"http:\/\/santoaleixovilaverde.pt\/wp-content\/uploads\/2025\/08\/85-Acta-Conselho-Fiscal-Aprvc-Contas22.pdf\" data-type=\"link\" data-id=\"http:\/\/santoaleixovilaverde.pt\/wp-content\/uploads\/2025\/08\/85-Acta-Conselho-Fiscal-Aprvc-Contas22.pdf\" target=\"_blank\" rel=\"noreferrer noopener\">Acta Conselho Fiscal<\/a><\/p>\n\n\n\n<p><a href=\"http:\/\/santoaleixovilaverde.pt\/wp-content\/uploads\/2025\/08\/85-Acta-Direcao-Aprovc.Contas-Ano22.pdf\" data-type=\"link\" data-id=\"http:\/\/santoaleixovilaverde.pt\/wp-content\/uploads\/2025\/08\/85-Acta-Direcao-Aprovc.Contas-Ano22.pdf\" target=\"_blank\" rel=\"noreferrer noopener\">Acta aprova\u00e7\u00e3o das contas<\/a><\/p>\n\n\n\n<p><strong>2021<\/strong><\/p>\n\n\n\n<p><a href=\"http:\/\/santoaleixovilaverde.pt\/wp-content\/uploads\/2025\/08\/85-Bal-Dem-e-ABDR2021.pdf\" data-type=\"link\" data-id=\"http:\/\/santoaleixovilaverde.pt\/wp-content\/uploads\/2025\/08\/85-Bal-Dem-e-ABDR2021.pdf\" target=\"_blank\" rel=\"noreferrer noopener\">Publica\u00e7\u00e3o das contas<\/a><\/p>\n\n\n\n<p><a href=\"http:\/\/santoaleixovilaverde.pt\/wp-content\/uploads\/2025\/08\/85-Acta-Conselho-Fiscal-Contas21.pdf\" data-type=\"link\" data-id=\"http:\/\/santoaleixovilaverde.pt\/wp-content\/uploads\/2025\/08\/85-Acta-Conselho-Fiscal-Contas21.pdf\" target=\"_blank\" rel=\"noreferrer noopener\">Acta Conselho Fiscal<\/a><\/p>\n\n\n\n<p><a href=\"http:\/\/santoaleixovilaverde.pt\/wp-content\/uploads\/2025\/08\/85-Acta-Direccao-Contas-2021.pdf\" data-type=\"link\" data-id=\"http:\/\/santoaleixovilaverde.pt\/wp-content\/uploads\/2025\/08\/85-Acta-Direccao-Contas-2021.pdf\" target=\"_blank\" rel=\"noreferrer noopener\">Acta aprova\u00e7\u00e3o das contas<\/a><\/p>\n\n\n\n<p><strong>2020<\/strong><\/p>\n\n\n\n<p><a href=\"http:\/\/santoaleixovilaverde.pt\/wp-content\/uploads\/2025\/08\/85-ABDR-ano20-ass.pdf\" data-type=\"link\" data-id=\"http:\/\/santoaleixovilaverde.pt\/wp-content\/uploads\/2025\/08\/85-ABDR-ano20-ass.pdf\" target=\"_blank\" rel=\"noreferrer noopener\">Publica\u00e7\u00e3o das contas<\/a><\/p>\n\n\n\n<p><a href=\"http:\/\/santoaleixovilaverde.pt\/wp-content\/uploads\/2025\/08\/85-Ata-Conselho-Fiscal-contas-2020l-1.pdf\" data-type=\"link\" data-id=\"http:\/\/santoaleixovilaverde.pt\/wp-content\/uploads\/2025\/08\/85-Ata-Conselho-Fiscal-contas-2020l-1.pdf\" target=\"_blank\" rel=\"noreferrer noopener\">Acta Conselho Fisca<\/a>l<\/p>\n\n\n\n<p><a href=\"http:\/\/santoaleixovilaverde.pt\/wp-content\/uploads\/2025\/08\/85-Acta-Direccao-contas-2020-ass.pdf\" data-type=\"link\" data-id=\"http:\/\/santoaleixovilaverde.pt\/wp-content\/uploads\/2025\/08\/85-Acta-Direccao-contas-2020-ass.pdf\" target=\"_blank\" rel=\"noreferrer noopener\">Acta aprova\u00e7\u00e3o das contas<\/a><\/p>\n\n\n\n<p><\/p>\n\n\n\n<p><\/p>\n","protected":false},"excerpt":{"rendered":"<p>2024 Publica\u00e7\u00e3o das contas Acta Conselho Fiscal Acta aprova\u00e7\u00e3o das contas 2023 Publica\u00e7\u00e3o das contas Acta Conselho Fiscal Acta aprova\u00e7\u00e3o das contas 2022 Publica\u00e7\u00e3o das contas Acta Conselho Fiscal Acta aprova\u00e7\u00e3o das contas 2021 Publica\u00e7\u00e3o das contas Acta Conselho Fiscal Acta aprova\u00e7\u00e3o das contas 2020 Publica\u00e7\u00e3o das contas Acta Conselho Fiscal Acta aprova\u00e7\u00e3o das contas<\/p>\n","protected":false},"author":1,"featured_media":0,"parent":0,"menu_order":0,"comment_status":"closed","ping_status":"closed","template":"","meta":{"pagelayer_contact_templates":[],"_pagelayer_content":"","neve_meta_sidebar":"","neve_meta_container":"","neve_meta_enable_content_width":"","neve_meta_content_width":0,"neve_meta_title_alignment":"","neve_meta_author_avatar":"","neve_post_elements_order":"","neve_meta_disable_header":"","neve_meta_disable_footer":"","neve_meta_disable_title":"","footnotes":""},"class_list":["post-56","page","type-page","status-publish","hentry"],"_links":{"self":[{"href":"https:\/\/santoaleixovilaverde.pt\/index.php?rest_route=\/wp\/v2\/pages\/56","targetHints":{"allow":["GET"]}}],"collection":[{"href":"https:\/\/santoaleixovilaverde.pt\/index.php?rest_route=\/wp\/v2\/pages"}],"about":[{"href":"https:\/\/santoaleixovilaverde.pt\/index.php?rest_route=\/wp\/v2\/types\/page"}],"author":[{"embeddable":true,"href":"https:\/\/santoaleixovilaverde.pt\/index.php?rest_route=\/wp\/v2\/users\/1"}],"replies":[{"embeddable":true,"href":"https:\/\/santoaleixovilaverde.pt\/index.php?rest_route=%2Fwp%2Fv2%2Fcomments&post=56"}],"version-history":[{"count":6,"href":"https:\/\/santoaleixovilaverde.pt\/index.php?rest_route=\/wp\/v2\/pages\/56\/revisions"}],"predecessor-version":[{"id":88,"href":"https:\/\/santoaleixovilaverde.pt\/index.php?rest_route=\/wp\/v2\/pages\/56\/revisions\/88"}],"wp:attachment":[{"href":"https:\/\/santoaleixovilaverde.pt\/index.php?rest_route=%2Fwp%2Fv2%2Fmedia&parent=56"}],"curies":[{"name":"wp","href":"https:\/\/api.w.org\/{rel}","templated":true}]}}