{"id":7,"date":"2025-08-13T13:04:35","date_gmt":"2025-08-13T13:04:35","guid":{"rendered":"http:\/\/santoaleixovilaverde.pt\/?page_id=7"},"modified":"2025-08-13T13:37:40","modified_gmt":"2025-08-13T13:37:40","slug":"pagina-inicial","status":"publish","type":"page","link":"https:\/\/santoaleixovilaverde.pt\/","title":{"rendered":"P\u00e1gina inicial"},"content":{"rendered":"\n<div class=\"wp-block-cover alignfull is-light\" style=\"min-height:800px;aspect-ratio:unset;\"><img loading=\"lazy\" decoding=\"async\" width=\"1024\" height=\"771\" class=\"wp-block-cover__image-background wp-image-34 size-large\" alt=\"\" src=\"http:\/\/santoaleixovilaverde.pt\/wp-content\/uploads\/2025\/08\/por-do-sol2-1024x771.jpg\" data-object-fit=\"cover\" srcset=\"https:\/\/santoaleixovilaverde.pt\/wp-content\/uploads\/2025\/08\/por-do-sol2-1024x771.jpg 1024w, https:\/\/santoaleixovilaverde.pt\/wp-content\/uploads\/2025\/08\/por-do-sol2-300x226.jpg 300w, https:\/\/santoaleixovilaverde.pt\/wp-content\/uploads\/2025\/08\/por-do-sol2-768x578.jpg 768w, https:\/\/santoaleixovilaverde.pt\/wp-content\/uploads\/2025\/08\/por-do-sol2-1536x1157.jpg 1536w, https:\/\/santoaleixovilaverde.pt\/wp-content\/uploads\/2025\/08\/por-do-sol2.jpg 2048w\" sizes=\"auto, (max-width: 1024px) 100vw, 1024px\" \/><span aria-hidden=\"true\" class=\"wp-block-cover__background has-background-dim-0 has-background-dim\"><\/span><div class=\"wp-block-cover__inner-container is-layout-flow wp-block-cover-is-layout-flow\">\n<div class=\"wp-block-columns are-vertically-aligned-center is-layout-flex wp-container-core-columns-is-layout-9d6595d7 wp-block-columns-is-layout-flex\">\n<div class=\"wp-block-column is-vertically-aligned-center is-layout-flow wp-block-column-is-layout-flow\" style=\"padding-right:var(--wp--preset--spacing--20);padding-left:var(--wp--preset--spacing--20);flex-basis:65%\">\n<div style=\"height:80px\" aria-hidden=\"true\" class=\"wp-block-spacer\"><\/div>\n\n\n\n<h1 class=\"wp-block-heading has-text-align-left has-nv-text-dark-bg-color has-text-color\">Centro Social Paroquial de Santo Aleixo de Vila Verde<\/h1>\n\n\n\n<p class=\"has-text-align-left has-nv-text-dark-bg-color has-text-color\" style=\"font-size:17px\">Apoia a popula\u00e7\u00e3o idosa com os servi\u00e7os de Centro de Dia e Apoio Domicili\u00e1rio.<\/p>\n\n\n\n<div style=\"height:97px\" aria-hidden=\"true\" class=\"wp-block-spacer\"><\/div>\n<\/div>\n\n\n\n<div class=\"wp-block-column is-vertically-aligned-center is-layout-flow wp-block-column-is-layout-flow\">\n<figure class=\"wp-block-image size-full has-custom-border is-style-rounded wp-duotone-unset-1\"><img loading=\"lazy\" decoding=\"async\" width=\"1280\" height=\"853\" src=\"http:\/\/santoaleixovilaverde.pt\/wp-content\/uploads\/2025\/08\/assist-9336328_1280.png\" alt=\"\" class=\"wp-image-39\" style=\"border-style:none;border-width:0px;aspect-ratio:1;object-fit:cover\" srcset=\"https:\/\/santoaleixovilaverde.pt\/wp-content\/uploads\/2025\/08\/assist-9336328_1280.png 1280w, https:\/\/santoaleixovilaverde.pt\/wp-content\/uploads\/2025\/08\/assist-9336328_1280-300x200.png 300w, https:\/\/santoaleixovilaverde.pt\/wp-content\/uploads\/2025\/08\/assist-9336328_1280-1024x682.png 1024w, https:\/\/santoaleixovilaverde.pt\/wp-content\/uploads\/2025\/08\/assist-9336328_1280-768x512.png 768w, https:\/\/santoaleixovilaverde.pt\/wp-content\/uploads\/2025\/08\/assist-9336328_1280-930x620.png 930w\" sizes=\"auto, (max-width: 1280px) 100vw, 1280px\" \/><\/figure>\n<\/div>\n<\/div>\n<\/div><\/div>\n","protected":false},"excerpt":{"rendered":"","protected":false},"author":1,"featured_media":0,"parent":0,"menu_order":0,"comment_status":"closed","ping_status":"closed","template":"","meta":{"pagelayer_contact_templates":[],"_pagelayer_content":"","neve_meta_sidebar":"","neve_meta_container":"","neve_meta_enable_content_width":"on","neve_meta_content_width":100,"neve_meta_title_alignment":"","neve_meta_author_avatar":"","neve_post_elements_order":"","neve_meta_disable_header":"","neve_meta_disable_footer":"","neve_meta_disable_title":"on","footnotes":""},"class_list":["post-7","page","type-page","status-publish","hentry"],"_links":{"self":[{"href":"https:\/\/santoaleixovilaverde.pt\/index.php?rest_route=\/wp\/v2\/pages\/7","targetHints":{"allow":["GET"]}}],"collection":[{"href":"https:\/\/santoaleixovilaverde.pt\/index.php?rest_route=\/wp\/v2\/pages"}],"about":[{"href":"https:\/\/santoaleixovilaverde.pt\/index.php?rest_route=\/wp\/v2\/types\/page"}],"author":[{"embeddable":true,"href":"https:\/\/santoaleixovilaverde.pt\/index.php?rest_route=\/wp\/v2\/users\/1"}],"replies":[{"embeddable":true,"href":"https:\/\/santoaleixovilaverde.pt\/index.php?rest_route=%2Fwp%2Fv2%2Fcomments&post=7"}],"version-history":[{"count":7,"href":"https:\/\/santoaleixovilaverde.pt\/index.php?rest_route=\/wp\/v2\/pages\/7\/revisions"}],"predecessor-version":[{"id":47,"href":"https:\/\/santoaleixovilaverde.pt\/index.php?rest_route=\/wp\/v2\/pages\/7\/revisions\/47"}],"wp:attachment":[{"href":"https:\/\/santoaleixovilaverde.pt\/index.php?rest_route=%2Fwp%2Fv2%2Fmedia&parent=7"}],"curies":[{"name":"wp","href":"https:\/\/api.w.org\/{rel}","templated":true}]}}